{"id":38,"date":"2015-01-28T18:21:24","date_gmt":"2015-01-28T18:21:24","guid":{"rendered":"http:\/\/hammacher-beratung.de\/?page_id=38"},"modified":"2015-01-28T18:27:44","modified_gmt":"2015-01-28T18:27:44","slug":"datenschutz","status":"publish","type":"page","link":"http:\/\/hammacher-beratung.de\/?page_id=38","title":{"rendered":"Datenschutz"},"content":{"rendered":"<p><strong>Allgemeine Datenschutzhinweise<\/strong><\/p>\n<p>Gegenstand des Datenschutzes sind personenbezogene Daten. Dies sind nach \u00a7 3 BDSG Einzelangaben \u00fcber pers\u00f6nlich oder sachliche Verh\u00e4ltnisse einer bestimmten oder bestimmbaren nat\u00fcrlichen Person. Damit sind Angaben gemeint wie z.B. der Name, die Post-Adresse, die E-Mail-Adresse oder die Telefonnummer.<\/p>\n<p>Die Nutzung dieser Website ist im Grundsatz ohne Angaben von personenbezogenen Daten m\u00f6glich.<\/p>\n<p>Wenn Sie allerdings die Kommentarfunktion im Blog nutzen oder mir \u00fcber die Webseite eine E-Mail senden, dann werden die \u00fcbermittelten Daten nat\u00fcrlich erfasst und gespeichert. Das sind gem\u00e4\u00df den Kommentarfeldern des Blogs in der Regel Ihr Name, Ihre Email-Adresse, Ihre URL und der Kommentar selbst sowie dar\u00fcber hinaus Ihre IP-Adresse. Ihre E-Mail-Adresse wird ebensowenig auf der Webseite dargestellt wie Ihre IP-Adresse. Da Sie nicht Ihren realen Namen angeben m\u00fcssen, ist die Nutzung der Kommentarfunktion unter einem Pseudonym m\u00f6glich.<\/p>\n<p>Personenbezogene Daten werden auch nicht an Dritte herausgegeben (vgl. zum Begriff \u201eDritte\u201c die besonderen Datenschutzhinweise zu WordPress.com), es sei denn, Sie haben diese selbst \u00fcber meine Webseite \u00f6ffentlich gemacht oder Sie haben Ihre ausdr\u00fcckliche Einwilligung erteilt oder eine gesetzliche Vorschrift zwingt zur Herausgabe dieser Daten. Ich verwende die von Ihnen erhaltenen personenbezogenen Daten ausschlie\u00dflich zweckgebunden, zum Beispiel um Ihnen Ihre Anfrage zu beantworten.<\/p>\n<p>Nat\u00fcrlich k\u00f6nnen Sie jederzeit Auskunft \u00fcber die von Ihnen gespeicherten Daten sowie deren L\u00f6schung unter sozialpr (at) googlemail (punkt) com verlangen. Ein entsprechendes L\u00f6schungsverlangen wird umgehend an WordPress sowie relevante weitere Beteiligte weitergeleitet.<\/p>\n<p>Hiermit wird zudem der Verwendung der im Impressum oder sonst auf dieser Seite angegebenen Kontaktdaten zur Zusendung von nicht ausdr\u00fccklich angeforderter Werbung oder sonstigem Informationsmaterial ausdr\u00fccklich widersprochen. Verschonen Sie mich bitte mit Spam.<\/p>\n<p><strong>Datenschutzhinweise zu WordPress<\/strong><\/p>\n<p>hammacher-beratung.de\u00a0basiert auf dem <a href=\"http:\/\/wpde.org\/\" target=\"_blank\">WordPress<\/a>-System, das hei\u00dft Ihre unter den allgemeinen Datenschutzhinweisen genannten Daten werden auch auf Servern au\u00dferhalb Deutschlands \u2013 auch in den USA \u2013 gespeichert. WordPress beziehungsweise <a href=\"http:\/\/automattic.com\/\" target=\"_blank\">Automattic Inc.\u00a0<\/a>sichern jedoch zu, diese Daten nur auf Grund von gesetzlich bestehenden Vorschriften an Dritte weiterzugeben; Dritte meint andere nat\u00fcrliche oder juristische Personen als WordPress, Automattic Inc. oder den Betreiber von <a href=\"http:\/\/www.sozial-pr.net\/\" target=\"_blank\">sozial-pr-net<\/a>.<\/p>\n<p>WordPress setzt mittels Automattic Inc. sogenannte \u201eCookies\u201c ein, um die Besucherzahlen und den Besucherstrom auf dem Blog messen zu k\u00f6nnen. Cookies sind kleine Textdateien, die auf dem Computer des Nutzers hinterlegt werden und die Informationen \u00fcber den Besuch einer Webseite speichern, um wiederholte Besuche leichter zu identifizieren. Dar\u00fcber hinaus werden die mit dem Cookie gewonnenen Daten dazu genutzt, Statistiken \u00fcber die Seiten anzulegen (welche Seite wurde wie oft besucht; welcher Link wie oft geklickt). Diese Daten sind anonym und werden nicht mit personenbezogenen Daten in Verbindung gebracht. Sie k\u00f6nnen aber auch die Installation dieser Cookies durch eine entsprechende Installation und Einstellung Ihres Browsers unterbinden.<\/p>\n<p>Au\u00dferdem wird auf sozial-pr.net das Anti Spam Plugin Askimet verwendet. Dieser Filter ist installiert, um m\u00f6glichen Spam in den Kommentaren zu verhindern; dazu werden \u201eInhalte\u201c des Kommentars wie bestimmte W\u00f6rter, IP-Adressen, E-Mail-Adressen oder Domain-Namen an einen Server in den USA versendet und dort abgeglichen. Sollte Askimet einen der \u00fcbermittelten Inhalte als Spam identifizieren, so wird dies als Meldung an sozial-pr.net zur\u00fcckgegeben und die Information in den USA gespeichert. Sozial-pr.net hat keinen Einfluss darauf, welche Informationen dort f\u00fcr welchen Zeitraum gespeichert werden und kann diese Informationen nicht einsehen. Eine Speicherung Ihrer Daten k\u00f6nnen Sie verhindern, in dem Sie die Kommentarfunktion von sozial-pr.net nicht nutzen. Mehr zum Thema finden Sie in den <a href=\"http:\/\/automattic.com\/privacy\/\" target=\"_blank\">Datenschutzhinweisen<\/a> von WordPress.<\/p>\n<p><strong>Datenschutzhinweise zum Plugin von Facebook<\/strong><\/p>\n<p>hammacher-beratung.de nutzt das Social Media Plugin \u201cGef\u00e4llt mir\u201d oder \u201cLike\u201d von Facebook Inc., Ireland. Sie finden dieses Social Plugin in nahezu jedem Artikel an dessen Ende. Wenn Sie ein Facebook-Nutzer sind und sich bei dem Sozialen Netzwerk anmelden, dann setzt Facebook einen Cookie. Surfen Sie darauf im Internet und rufen eine Seite auf, die ein Social Plugin von Facebook integriert hat, dann interagiert Ihr Browser (via Cookie) mit Facebook (via Social Plugin). Facebook kann \u00fcber das Plugin m\u00f6glicherweise auch erkennen, dass Sie sich auf der Webseite befinden. Es reicht daf\u00fcr aus, dass Sie bei Facebook angemeldet sind. Ein Klick auf den \u201cGef\u00e4llt mir\u201d-Button ist dazu nicht notwendig. Dr\u00fccken Sie den \u201cGef\u00e4llt mir\u201d-Button, so nimmt Facebook diese Information nat\u00fcrlich ins Soziale Netzwerk auf \u2013 sofern Sie angemeldet sind.<\/p>\n<p>Wenn Sie nicht wollen, dass Facebook von Ihnen ein personenbezogenes Bewegungs- und Surfprofilerstellen kann, k\u00f6nnen Sie das so verhindern: Melden Sie sich stets bei Ihrem Facebook-Konto ab, bevor Sie weiter im Netz surfen. Es gen\u00fcgt nicht die Seite einfach nur zu schlie\u00dfen. Surfen Sie dar\u00fcber hinaus im \u201cPrivaten Modus\u201d (bei den Einstellungen der\u00a0meisten Browser zu finden); in diesem Fall werden keine Cookies auf Ihrem Computer gespeichert, mit denen Facebook zu einem sp\u00e4teren Zeitpunkt kommunizieren k\u00f6nnte. Unter dem folgenden Link finden Sie die ausf\u00fchrlichen <a href=\"http:\/\/www.facebook.com\/about\/privacy\/\" target=\"_blank\">Datenschutzbestimmungen von Facebook<\/a>.<\/p>\n<div class=\"twoclick_social_bookmarks_post_38 social_share_privacy clearfix 1.6.4 locale-de_DE sprite-de_DE\"><\/div><div class=\"twoclick-js\"><script type=\"text\/javascript\">\/* <![CDATA[ *\/\njQuery(document).ready(function($){if($('.twoclick_social_bookmarks_post_38')){$('.twoclick_social_bookmarks_post_38').socialSharePrivacy({\"services\":{\"facebook\":{\"status\":\"on\",\"txt_info\":\"2 Klicks f\\u00fcr mehr Datenschutz: Erst wenn Sie hier klicken, wird der Button aktiv und Sie k\\u00f6nnen Ihre Empfehlung an Facebook senden. Schon beim Aktivieren werden Daten an Dritte \\u00fcbertragen - siehe <em>i<\\\/em>.\",\"perma_option\":\"off\",\"action\":\"recommend\",\"language\":\"de_DE\"},\"twitter\":{\"reply_to\":\"\",\"tweet_text\":\"Datenschutz%20%C2%BB%20Hammacher%20Beratung\",\"status\":\"on\",\"txt_info\":\"2 Klicks f\\u00fcr mehr Datenschutz: Erst wenn Sie hier klicken, wird der Button aktiv und Sie k\\u00f6nnen Ihre Empfehlung an Twitter senden. Schon beim Aktivieren werden Daten an Dritte \\u00fcbertragen - siehe <em>i<\\\/em>.\",\"perma_option\":\"off\",\"language\":\"de\",\"referrer_track\":\"\"},\"gplus\":{\"status\":\"on\",\"txt_info\":\"2 Klicks f\\u00fcr mehr Datenschutz: Erst wenn Sie hier klicken, wird der Button aktiv und Sie k\\u00f6nnen Ihre Empfehlung an Google+ senden. Schon beim Aktivieren werden Daten an Dritte \\u00fcbertragen - siehe <em>i<\\\/em>.\",\"perma_option\":\"off\",\"referrer_track\":\"\"},\"xing\":{\"status\":\"on\",\"txt_info\":\"2 Klicks f\\u00fcr mehr Datenschutz: Erst wenn Sie hier klicken, wird der Button aktiv und Sie k\\u00f6nnen Ihre Empfehlung an Xing senden. Schon beim Aktivieren werden Daten an Dritte \\u00fcbertragen - siehe <em>i<\\\/em>.\",\"perma_option\":\"off\",\"language\":\"de\",\"referrer_track\":\"\"},\"linkedin\":{\"status\":\"on\",\"txt_info\":\"2 Klicks f\\u00fcr mehr Datenschutz: Erst wenn Sie hier klicken, wird der Button aktiv und Sie k\\u00f6nnen Ihre Empfehlung an LinkedIn senden. Schon beim Aktivieren werden Daten an Dritte \\u00fcbertragen - siehe <em>i<\\\/em>.\",\"perma_option\":\"off\"}},\"txt_help\":\"Wenn Sie diese Felder durch einen Klick aktivieren, werden Informationen an Facebook, Twitter, Flattr, Xing, t3n, LinkedIn, Pinterest oder Google eventuell ins Ausland \\u00fcbertragen und unter Umst\\u00e4nden auch dort gespeichert. N\\u00e4heres erfahren Sie durch einen Klick auf das <em>i<\\\/em>.\",\"settings_perma\":\"Dauerhaft aktivieren und Daten\\u00fcber-tragung zustimmen:\",\"info_link\":\"http:\\\/\\\/www.heise.de\\\/ct\\\/artikel\\\/2-Klicks-fuer-mehr-Datenschutz-1333879.html\",\"uri\":\"http:\\\/\\\/hammacher-beratung.de\\\/?page_id=38\",\"post_id\":38,\"post_title_referrer_track\":\"Datenschutz\",\"display_infobox\":\"on\"});}});\n\/* ]]> *\/<\/script><\/div>","protected":false},"excerpt":{"rendered":"<p>Allgemeine Datenschutzhinweise Gegenstand des Datenschutzes sind personenbezogene Daten. Dies sind nach \u00a7 3 BDSG Einzelangaben \u00fcber pers\u00f6nlich oder sachliche Verh\u00e4ltnisse einer bestimmten oder bestimmbaren nat\u00fcrlichen Person. Damit sind Angaben gemeint wie z.B. der Name, die Post-Adresse, die E-Mail-Adresse oder die Telefonnummer. Die Nutzung dieser Website ist im Grundsatz ohne Angaben von personenbezogenen Daten m\u00f6glich. Wenn [&hellip;]<\/p>\n","protected":false},"author":1,"featured_media":0,"parent":0,"menu_order":0,"comment_status":"closed","ping_status":"open","template":"","meta":[],"_links":{"self":[{"href":"http:\/\/hammacher-beratung.de\/index.php?rest_route=\/wp\/v2\/pages\/38"}],"collection":[{"href":"http:\/\/hammacher-beratung.de\/index.php?rest_route=\/wp\/v2\/pages"}],"about":[{"href":"http:\/\/hammacher-beratung.de\/index.php?rest_route=\/wp\/v2\/types\/page"}],"author":[{"embeddable":true,"href":"http:\/\/hammacher-beratung.de\/index.php?rest_route=\/wp\/v2\/users\/1"}],"replies":[{"embeddable":true,"href":"http:\/\/hammacher-beratung.de\/index.php?rest_route=%2Fwp%2Fv2%2Fcomments&post=38"}],"version-history":[{"count":1,"href":"http:\/\/hammacher-beratung.de\/index.php?rest_route=\/wp\/v2\/pages\/38\/revisions"}],"predecessor-version":[{"id":39,"href":"http:\/\/hammacher-beratung.de\/index.php?rest_route=\/wp\/v2\/pages\/38\/revisions\/39"}],"wp:attachment":[{"href":"http:\/\/hammacher-beratung.de\/index.php?rest_route=%2Fwp%2Fv2%2Fmedia&parent=38"}],"curies":[{"name":"wp","href":"https:\/\/api.w.org\/{rel}","templated":true}]}}