{"id":31,"date":"2015-01-27T08:26:27","date_gmt":"2015-01-27T08:26:27","guid":{"rendered":"http:\/\/hammacher-beratung.de\/?page_id=31"},"modified":"2016-01-29T13:41:28","modified_gmt":"2016-01-29T13:41:28","slug":"ueber-mich","status":"publish","type":"page","link":"http:\/\/hammacher-beratung.de\/?page_id=31","title":{"rendered":"\u00dcber mich"},"content":{"rendered":"<p style=\"text-align: left;\">Mein Name ist Mark Hammacher und ich bin &#8211; wenn wir miteinander sprechen werden Sie das schnell h\u00f6ren &#8211; geb\u00fcrtiger Australier. Aus Sydney stammend habe ich zun\u00e4chst einen Handwerksberuf erlernt und bin im Alter von 26 Jahren nach Deutschland ausgewandert.<\/p>\n<p>Auch hier \u00fcbte ich zun\u00e4chst meinen erlernten Beruf aus. Doch nach mehreren arbeitsbedingten Unf\u00e4llen stellte ich mir die Frage, ob meine Berufsentscheidung wirklich der richtige Weg f\u00fcr mich sein konnte. Die Antwort fiel mir nicht leicht, doch schlie\u00dflich wurde mir klar: Mein Weg verl\u00e4uft in einer anderen Richtung.<\/p>\n<p>An diesem Punkt wurde ein Kindheitstraum und -wunsch in mir wach: Menschen zu helfen. Was einfach klingt, war f\u00fcr mich der Beginn eines langen und teilweise schwierigen Weges. Um mir die f\u00fcr meinen Traum notwendigen Werkzeuge und Kenntnisse anzueignen, begann ich 2003 mit der Ausbildung zum psychologischen Berater an der <a href=\"http:\/\/www.thalamus-stuttgart.de\/\" target=\"_blank\">Thalamus Heilpraktiker Schule in Stuttgart<\/a>.<\/p>\n<h2>Mit theoretischer Basis in die Praxis<\/h2>\n<p>Meine Ausbildung in humanistischer Psychotherapie war, das merkte ich schnell, genau die Grundlage, die ich f\u00fcr meinen weiteren Weg brauchte. Diese Ausbildung schloss ich 2005 erfolgreich ab.<\/p>\n<p>Anschlie\u00dfend absolvierte ich die Vertiefung &#8222;Vorbereitung auf die amts\u00e4rztliche \u00dcberpr\u00fcfung Teilbereich Psychotherapie&#8220; als Vorbereitung auf den Beruf des Heilpraktikers. Hier habe ich die Abschlusspr\u00fcfung jedoch noch nicht abgeschlossen. Der Grund ist einfach: So gut die Basis meiner Ausbildung auch war, ich wollte in der Praxis, in der Arbeit mit Menschen erfahren, ob mir diese Richtung wirklich liegt und was ich mit dem erlernten Wissen ganz praktisch f\u00fcr Menschen tun kann.<\/p>\n<p>Durch meine kirchliches Engagement hatte ich bereits eine ehrenamtliche Basis, die ich in den letzten Jahren ausgebaut habe. So nahm ich beispielsweise an der Ausbildung zum Suchtkrankenhelfer teil und arbeite bis heute ehrenamtlich als Ansprechpartner in diesem Bereich.<\/p>\n<p>Mindestens ebenso wertvoll und wichtig ist f\u00fcr mich jedoch meine Arbeit als <a href=\"http:\/\/www.hospiz-remsmurr.de\/\" target=\"_blank\">Trauerbegleiter im Hospiz<\/a>. Durch die Begleitung sterbender und trauernder Menschen habe ich viel \u00fcber mich und die Menschen, mit denen ich arbeite, gelernt.<\/p>\n<p>Mit dieser praktischen Erfahrung und meiner theoretischen Basis bin ich heute an dem Punkt, an dem ich beruflich als psychologischer Berater arbeite und guten Gewissens meine Unterst\u00fctzung anbieten kann. Ich wei\u00df, dass ich Sie auf Ihrem Weg begleiten und Ihnen helfen kann.<\/p>\n<p>Einen Einblick in meinen fachlichen Werdegang finden <a href=\"http:\/\/hammacher-beratung.de\/?page_id=33\" target=\"_blank\">Sie hier<\/a>. F\u00fcr n\u00e4here Informationen zur Beratung\u00a0klicken Sie\u00a0hier die <a href=\"http:\/\/hammacher-beratung.de\/?page_id=2\" target=\"_blank\">entsprechende Seite<\/a>.<\/p>\n<h2>Sport und Pers\u00f6nliches<\/h2>\n<p>Seit einigen Jahren halte ich mich durch Schwimmen fit und nehme an 24-Stunden-Schwimmen teil. F\u00fcr mich sind diese Events nicht nur Sport, sondern haben eine hohe mentale Komponente, die mir gut tut und als Ausgleich dient. Im Folgenden finden Sie eine \u00dcbersicht meiner bisherigen Schwimm-Events.<\/p>\n<ul>\n<li><strong>24-Stunden-Schwimmen SB Schwaben, Stuttgart-Untert\u00fcrkheim<\/strong><br \/>\n2016, 53. von 259 Teilnehmern, Goldmedaille<\/li>\n<li><strong>24-Stunden-Schwimmen DLRG Waiblingen<\/strong><br \/>\n2015, Bronze Medaille<\/li>\n<li><strong>24-Stunden-Schwimmen SB Schwaben, Stuttgart Untert\u00fcrkheim<\/strong><br \/>\n2015, 42. von 188 Teilnehmern, Goldmedaille, mehr als 10 Kilometer<\/li>\n<li><strong>Silvesterschwimmen Konstanz<\/strong><br \/>\n2014, erfolgreiche Teilnahme<\/li>\n<li><strong>12-Stunden-Schwimmen DLRG Ortsgruppe Bittenfeld<\/strong><br \/>\n2013, 4. Platz Altersgruppe 39 &#8211; 50<\/li>\n<\/ul>\n<p>&nbsp;<\/p>\n<p>&nbsp;<\/p>\n<p>&nbsp;<\/p>\n<p>&nbsp;<\/p>\n<p>&nbsp;<\/p>\n<div class=\"twoclick_social_bookmarks_post_31 social_share_privacy clearfix 1.6.4 locale-de_DE sprite-de_DE\"><\/div><div class=\"twoclick-js\"><script type=\"text\/javascript\">\/* <![CDATA[ *\/\njQuery(document).ready(function($){if($('.twoclick_social_bookmarks_post_31')){$('.twoclick_social_bookmarks_post_31').socialSharePrivacy({\"services\":{\"facebook\":{\"status\":\"on\",\"txt_info\":\"2 Klicks f\\u00fcr mehr Datenschutz: Erst wenn Sie hier klicken, wird der Button aktiv und Sie k\\u00f6nnen Ihre Empfehlung an Facebook senden. Schon beim Aktivieren werden Daten an Dritte \\u00fcbertragen - siehe <em>i<\\\/em>.\",\"perma_option\":\"off\",\"action\":\"recommend\",\"language\":\"de_DE\"},\"twitter\":{\"reply_to\":\"\",\"tweet_text\":\"%C3%9Cber%20mich%20%C2%BB%20Hammacher%20Beratung\",\"status\":\"on\",\"txt_info\":\"2 Klicks f\\u00fcr mehr Datenschutz: Erst wenn Sie hier klicken, wird der Button aktiv und Sie k\\u00f6nnen Ihre Empfehlung an Twitter senden. Schon beim Aktivieren werden Daten an Dritte \\u00fcbertragen - siehe <em>i<\\\/em>.\",\"perma_option\":\"off\",\"language\":\"de\",\"referrer_track\":\"\"},\"gplus\":{\"status\":\"on\",\"txt_info\":\"2 Klicks f\\u00fcr mehr Datenschutz: Erst wenn Sie hier klicken, wird der Button aktiv und Sie k\\u00f6nnen Ihre Empfehlung an Google+ senden. Schon beim Aktivieren werden Daten an Dritte \\u00fcbertragen - siehe <em>i<\\\/em>.\",\"perma_option\":\"off\",\"referrer_track\":\"\"},\"xing\":{\"status\":\"on\",\"txt_info\":\"2 Klicks f\\u00fcr mehr Datenschutz: Erst wenn Sie hier klicken, wird der Button aktiv und Sie k\\u00f6nnen Ihre Empfehlung an Xing senden. Schon beim Aktivieren werden Daten an Dritte \\u00fcbertragen - siehe <em>i<\\\/em>.\",\"perma_option\":\"off\",\"language\":\"de\",\"referrer_track\":\"\"},\"linkedin\":{\"status\":\"on\",\"txt_info\":\"2 Klicks f\\u00fcr mehr Datenschutz: Erst wenn Sie hier klicken, wird der Button aktiv und Sie k\\u00f6nnen Ihre Empfehlung an LinkedIn senden. Schon beim Aktivieren werden Daten an Dritte \\u00fcbertragen - siehe <em>i<\\\/em>.\",\"perma_option\":\"off\"}},\"txt_help\":\"Wenn Sie diese Felder durch einen Klick aktivieren, werden Informationen an Facebook, Twitter, Flattr, Xing, t3n, LinkedIn, Pinterest oder Google eventuell ins Ausland \\u00fcbertragen und unter Umst\\u00e4nden auch dort gespeichert. N\\u00e4heres erfahren Sie durch einen Klick auf das <em>i<\\\/em>.\",\"settings_perma\":\"Dauerhaft aktivieren und Daten\\u00fcber-tragung zustimmen:\",\"info_link\":\"http:\\\/\\\/www.heise.de\\\/ct\\\/artikel\\\/2-Klicks-fuer-mehr-Datenschutz-1333879.html\",\"uri\":\"http:\\\/\\\/hammacher-beratung.de\\\/?page_id=31\",\"post_id\":31,\"post_title_referrer_track\":\"%C3%9Cber+mich\",\"display_infobox\":\"on\"});}});\n\/* ]]> *\/<\/script><\/div>","protected":false},"excerpt":{"rendered":"<p>Mein Name ist Mark Hammacher und ich bin &#8211; wenn wir miteinander sprechen werden Sie das schnell h\u00f6ren &#8211; geb\u00fcrtiger Australier. Aus Sydney stammend habe ich zun\u00e4chst einen Handwerksberuf erlernt und bin im Alter von 26 Jahren nach Deutschland ausgewandert. Auch hier \u00fcbte ich zun\u00e4chst meinen erlernten Beruf aus. Doch nach mehreren arbeitsbedingten Unf\u00e4llen stellte [&hellip;]<\/p>\n","protected":false},"author":1,"featured_media":0,"parent":0,"menu_order":0,"comment_status":"closed","ping_status":"open","template":"page-templates\/full-width-page.php","meta":[],"_links":{"self":[{"href":"http:\/\/hammacher-beratung.de\/index.php?rest_route=\/wp\/v2\/pages\/31"}],"collection":[{"href":"http:\/\/hammacher-beratung.de\/index.php?rest_route=\/wp\/v2\/pages"}],"about":[{"href":"http:\/\/hammacher-beratung.de\/index.php?rest_route=\/wp\/v2\/types\/page"}],"author":[{"embeddable":true,"href":"http:\/\/hammacher-beratung.de\/index.php?rest_route=\/wp\/v2\/users\/1"}],"replies":[{"embeddable":true,"href":"http:\/\/hammacher-beratung.de\/index.php?rest_route=%2Fwp%2Fv2%2Fcomments&post=31"}],"version-history":[{"count":24,"href":"http:\/\/hammacher-beratung.de\/index.php?rest_route=\/wp\/v2\/pages\/31\/revisions"}],"predecessor-version":[{"id":110,"href":"http:\/\/hammacher-beratung.de\/index.php?rest_route=\/wp\/v2\/pages\/31\/revisions\/110"}],"wp:attachment":[{"href":"http:\/\/hammacher-beratung.de\/index.php?rest_route=%2Fwp%2Fv2%2Fmedia&parent=31"}],"curies":[{"name":"wp","href":"https:\/\/api.w.org\/{rel}","templated":true}]}}